{"id":10935,"date":"2021-05-26T11:50:05","date_gmt":"2021-05-26T16:50:05","guid":{"rendered":"https:\/\/rtdnewtest.wpengine.com\/pt-pt\/?page_id=10935"},"modified":"2022-04-07T19:50:14","modified_gmt":"2022-04-07T19:50:14","slug":"politica-de-privacidade-para-clientes","status":"publish","type":"page","link":"https:\/\/resuelvetudeuda.com\/pt-br\/politica-de-privacidade-para-clientes\/","title":{"rendered":"Pol\u00edtica de Privacidade para Clientes"},"content":{"rendered":"\n<h1 class=\"has-text-align-center wp-block-heading\">Pol\u00edtica de Privacidade para Clientes<\/h1>\n\n\n\n<p>O objetivo da presente Pol\u00edtica de Privacidade \u00e9 que os seus clientes sejam informados sobre o tratamento de dados pessoais das pessoas que contratam os servi\u00e7os da REPARADORA RSD BRASIL LTDA&nbsp; (RESOLVA A SUA D\u00cdVIDA) e \/ ou que solicitem informa\u00e7\u00f5es sobre os termos e condi\u00e7\u00f5es dos servi\u00e7os prestados.<\/p>\n\n\n\n<p>A presente Pol\u00edtica de Privacidade aplica-se \u00e0 recolha de dados pessoais realizada atrav\u00e9s do WEBSITE, emails, servi\u00e7os de mensagens eletr\u00f3nicas ou presenciais. Tamb\u00e9m \u00e9 aplic\u00e1vel ao tratamento das mesmas informa\u00e7\u00f5es quando obtidas pela RESOLVA A SUA D\u00cdVIDA atrav\u00e9s de outras fontes legalmente admitidas.<\/p>\n\n\n\n<p>A RESOLVA A SUA D\u00cdVIDA facultar\u00e1 o acesso \u00e0 presente Pol\u00edtica de Privacidade antes de proceder \u00e0 recolha de quaisquer dados pessoais ou, se for o caso, no momento da primeira comunica\u00e7\u00e3o com as partes interessadas correspondentes.<\/p>\n\n\n\n<p>A RESOLVA A SUA D\u00cdVIDA est\u00e1 empenhada em proteger a seguran\u00e7a e privacidade dos seus Clientes. Neste contexto, elaborou a presente Pol\u00edtica de Privacidade, com a finalidade de afirmar o seu compromisso e respeito para com as regras de privacidade e de prote\u00e7\u00e3o de dados pessoais. Pretendemos que os nossos Clientes conhe\u00e7am as regras gerais de privacidade e os termos de tratamento dos dados que recolhemos, no estrito respeito e cumprimento da legisla\u00e7\u00e3o aplic\u00e1vel neste \u00e2mbito.<\/p>\n\n\n\n<p><strong>Dados Pessoais<\/strong><\/p>\n\n\n\n<p>Entende-se por dados pessoais qualquer informa\u00e7\u00e3o, de qualquer natureza e independentemente do respetivo suporte, incluindo som e imagem, relativa a uma pessoa singular identificada ou identific\u00e1vel (titular dos dados). \u00c9 considerada identific\u00e1vel a pessoa que possa ser identificada direta ou indiretamente, designadamente por refer\u00eancia a um n\u00famero de identifica\u00e7\u00e3o ou a mais elementos espec\u00edficos da sua identidade f\u00edsica, fisiol\u00f3gica, ps\u00edquica, econ\u00f3mica, cultural ou social.<\/p>\n\n\n\n<p><strong>Identidade e dados do respons\u00e1vel<\/strong><\/p>\n\n\n\n<p>A REPARADORA RSD BRASIL LTDA (RESOLVA A SUA D\u00cdVIDA) \u00e9 a respons\u00e1vel pelo tratamento dos dados pessoais recolhidos com os fins especificados no presente documento.<\/p>\n\n\n\n<p>RESOLVA A SUA D\u00cdVIDA tem a sua sede social na \u00e0 Rua Gomes de Carvalho, 1666 &#8211; 2\u00ba Andar &#8211; Vila Ol\u00edmpia, S\u00e3o Paulo &#8211; SP, 04547-006, Brasil e est\u00e1 inscrita com no CNPJ sob o n\u00ba 44.107.714\/0001-79 B88133970, \u00e9 a propriet\u00e1ria do site <a href=\"http:\/\/www.resolvasuadivida.com\">www.resolvasuadivida.com<\/a><\/p>\n\n\n\n<p>Para uma gest\u00e3o adequada do tratamento dos seus dados pessoais, a RESOLVA A SUA D\u00cdVIDA designou um Encarregado de Prote\u00e7\u00e3o de Dados que poder\u00e1 contactar sempre que necess\u00e1rio para qualquer esclarecimento atrav\u00e9s do endere\u00e7o de correio eletr\u00f3nico <a href=\"mailto:dados@resolvuasuadivida.com\">dados@resolvuasuadivida.com<\/a><\/p>\n\n\n\n<p>Para qualquer assunto relacionado com o tratamento dos seus dados pessoais, incluindo o exerc\u00edcio dos direitos reconhecidos pela regulamenta\u00e7\u00e3o aplic\u00e1vel, poder\u00e1 contactar o seguinte endere\u00e7o de correio eletr\u00f3nico: <a href=\"mailto:dados@resolvuasuadivida.com\">dados@resolvuasuadivida.com<\/a><\/p>\n\n\n\n<p><strong>Finalidade e base jur\u00eddica do tratamento<\/strong><\/p>\n\n\n\n<p>A RESOLVA A SUA D\u00cdVIDA ir\u00e1 proceder ao tratamento dos seus dados pessoais para os fins e de acordo com as bases jur\u00eddicas que de seguida se especificam, as quais incluem o leg\u00edtimo interesse por partes dos titulares dos dados nos casos devidamente identificados:<\/p>\n\n\n\n<figure class=\"wp-block-table is-style-regular\"><table><tbody><tr><td><strong>Finalidade&nbsp;<\/strong><\/td><td><strong>Base Jur\u00eddica<\/strong><\/td><\/tr><tr><td>Disponibilizar informa\u00e7\u00f5es sobre as caracter\u00edsticas, pre\u00e7os e condi\u00e7\u00f5es dos servi\u00e7os prestados, quando tal seja solicitado pelo titular dos dados atrav\u00e9s dos canais disponibilizados pela RESOLVA A SUA D\u00cdVIDA.&nbsp;<br>&nbsp;<br>.&nbsp;<\/td><td>1. O tratamento \u00e9 necess\u00e1rio para a aplica\u00e7\u00e3o das medidas pr\u00e9-contratuais solicitadas pelo titular dos dados.&nbsp;&nbsp;2. O leg\u00edtimo interesse da RESOLVA A SUA D\u00cdVIDA em comunicar aos titulares dos dados as informa\u00e7\u00f5es sobre as caracter\u00edsticas, pre\u00e7os e condi\u00e7\u00f5es dos servi\u00e7os prestados, bem como em comunicar altera\u00e7\u00f5es ou atualiza\u00e7\u00f5es que afetem os mesmos.<\/td><\/tr><tr><td>An\u00e1lise e cria\u00e7\u00e3o de perfis com o fim de determinar a capacidade econ\u00f3mica e financeira dos titulares dos dados, com o fim de oferecer servi\u00e7os de negocia\u00e7\u00e3o e liquida\u00e7\u00e3o das d\u00edvidas que tenham comunicado \u00e0 RESOLVA A SUA D\u00cdVIDA, corroborada pela consulta ao hist\u00f3rico de cr\u00e9dito de cada titular dos dados.&nbsp;<\/td><td>1.O tratamento \u00e9 necess\u00e1rio para a aplica\u00e7\u00e3o das condi\u00e7\u00f5es pr\u00e9-contratuais solicitadas pelo titular dos dados.2.O tratamento dos dados pessoais \u00e9 necess\u00e1rio para a celebra\u00e7\u00e3o de um contrato em que o titular dos dados seja parte.&nbsp;<\/td><\/tr><tr><td>Cria\u00e7\u00e3o e comunica\u00e7\u00e3o de planos de poupan\u00e7a.&nbsp;<\/td><td>O tratamento de dados pessoais \u00e9 necess\u00e1rio para a celebra\u00e7\u00e3o de um contrato em que o respetivo titular dos dados seja parte. &nbsp;<\/td><\/tr><tr><td>Presta\u00e7\u00e3o dos servi\u00e7os contratados pelo titular dos dados, incluindo a comunica\u00e7\u00e3o de dados pessoais aos credores do titular dos dados (bancos, supermercados, lojas de eletrodom\u00e9sticos ou cr\u00e9dito ao consumo) e a negocia\u00e7\u00e3o de d\u00edvidas com credores para cumprimento da rela\u00e7\u00e3o contratual com RESOLVA A SUA D\u00cdVIDA.&nbsp;<\/td><td>1. O tratamento de dados pessoais \u00e9 necess\u00e1rio para a celebra\u00e7\u00e3o de um contrato em que o titular dos dados seja parte.&nbsp;2. O tratamento dos dados pessoais \u00e9 necess\u00e1rio para o cumprimento de uma obriga\u00e7\u00e3o legal aplic\u00e1vel \u00e0 RESOLVA A SUA D\u00cdVIDA.<\/td><\/tr><tr><td>Fatura\u00e7\u00e3o e cobran\u00e7a dos servi\u00e7os contratados, por qualquer meio e inst\u00e2ncia que for apropriado.<\/td><td>1. O tratamento de dados pessoais \u00e9 necess\u00e1rio para a celebra\u00e7\u00e3o de um contrato em que o titular dos dados seja parte.&nbsp;2. O tratamento \u00e9 necess\u00e1rio para o cumprimento das leis de natureza fiscal que sejam aplic\u00e1veis \u00e0 RESOLVA A SUA D\u00cdVIDA .&nbsp;3. RESOLVA A SUA D\u00cdVIDA tem um interesse leg\u00edtimo em obter o pagamento de d\u00edvidas n\u00e3o pagas.<\/td><\/tr><tr><td>Gest\u00e3o de identificadores para evitar a contrata\u00e7\u00e3o recorrente dos servi\u00e7os prestados.&nbsp;<\/td><td>A RESOLVA A SUA D\u00cdVIDA tem um interesse leg\u00edtimo em criar bons h\u00e1bitos financeiros para melhorar a vida financeira dos seus clientes, estabelecendo controlos que restringem a contrata\u00e7\u00e3o repetida das suas solu\u00e7\u00f5es financeiras&nbsp;<\/td><\/tr><tr><td>Comunica\u00e7\u00e3o eletr\u00f3nica de ofertas e novos servi\u00e7os prestados pela RESOLVA A SUA D\u00cdVIDA e \/ ou terceiros.&nbsp;<\/td><td>1. O titular dos dados deu o seu consentimento para que o Respons\u00e1vel pelo tratamento lhe envie comunica\u00e7\u00f5es eletr\u00f3nicas com fins de marketing e publicidade da RESOLVA A SUA D\u00cdVIDA e \/ ou de terceiros que prestem servi\u00e7os relacionados e \/ ou complementares, ou&nbsp;2. O Respons\u00e1vel pelo tratamento tem um interesse leg\u00edtimo em fidelizar os seus clientes, para que estes voltem a contratar os seus servi\u00e7os e \/ ou recomendem os seus servi\u00e7os a terceiros.&nbsp;<\/td><\/tr><\/tbody><\/table><\/figure>\n\n\n\n<p><strong>Que dados pessoais recolhemos?&nbsp;<\/strong><\/p>\n\n\n\n<p>Para o cumprimento das finalidades supra descritas a RESOLVA A SUA D\u00cdVIDA recolhe e trata as seguintes categorias de dados pessoais:<\/p>\n\n\n\n<p>\u2022 Dados de identifica\u00e7\u00e3o e \/ ou contato.<\/p>\n\n\n\n<p>\u2022 Dados de caracter\u00edsticas pessoais.<\/p>\n\n\n\n<p>\u2022 Dados econ\u00f4micos, banc\u00e1rios e financeiros.<\/p>\n\n\n\n<p><strong>Elabora\u00e7\u00e3o de Perfis<\/strong><\/p>\n\n\n\n<p>A RESOLVA A SUA D\u00cdVIDA trata os dados pessoais com a finalidade de desenvolver perfis do cliente, contando para tal com o consentimento expl\u00edcito dos clientes ou potenciais clientes que tenham dado os seus dados para o efeito.<\/p>\n\n\n\n<p>Os titular dos dados n\u00e3o se encontram sujeitos a decis\u00f5es baseadas apenas no tratamento automatizado de seus dados pessoais; RESOLVA A SUA D\u00cdVIDA poder\u00e1 fornecer informa\u00e7\u00f5es sobre o resultado do perfil de cr\u00e9dito elaborado pelo respons\u00e1vel se o titular dos dados assim o exigir no \u00e2mbito do exerc\u00edcio dos seus direitos legalmente reconhecidos.<\/p>\n\n\n\n<p><strong>Dados de menores<\/strong><\/p>\n\n\n\n<p>A RESOLVA A SUA D\u00cdVIDA n\u00e3o recolhe dados pessoais de menores de forma direta ou presencial. Os servi\u00e7os prestados s\u00e3o direcionados apenas para maiores de idade.<\/p>\n\n\n\n<p><strong>Como obtemos os seus dados pessoais?<\/strong><\/p>\n\n\n\n<p>A RESOLVA A SUA D\u00cdVIDA poder\u00e1 solicitar e obter os seus dados pessoais atrav\u00e9s do WEBSITE, e-mails, servi\u00e7os de mensagens eletr\u00f3nicas ou presencialmente. Tamb\u00e9m se poder\u00e1 obter dados pessoais por meio de consultas autorizadas ao seu hist\u00f3rico de cr\u00e9dito e por meio de informa\u00e7\u00f5es fornecidas pelos seus credores.<\/p>\n\n\n\n<p><strong>Com quem compartilhamos os seus dados?<\/strong><\/p>\n\n\n\n<p>Para os fins abaixo elencados, a RESOLVA A SUA D\u00cdVIDA poder\u00e1 compartilhar os dados pessoais:<\/p>\n\n\n\n<figure class=\"wp-block-table is-style-regular\"><table><tbody><tr><td><strong>Finalidades da comunica\u00e7\u00e3o dos dados&nbsp;<\/strong><\/td><td><strong>Destinat\u00e1rios&nbsp;<\/strong><\/td><\/tr><tr><td>Gest\u00e3o e prote\u00e7\u00e3o centralizada de informa\u00e7\u00f5es; controle de cadastros, modifica\u00e7\u00e3o de dados e cancelamento de contas de clientes e potenciais clientes; atendimento ao cliente e an\u00e1lise estat\u00edstica de dados sobre a qualidade dos nossos servi\u00e7os.<\/td><td>1. Prestadores de servi\u00e7os da sociedade da informa\u00e7\u00e3o para acesso a software, infraestruturas ou plataformas em recursos e \/ ou sistemas geridos por esses prestadores de servi\u00e7os.&nbsp;2. Empresas afiliadas da RESOLVA A SUA D\u00cdVIDA.&nbsp;3. Terceiros que prestem servi\u00e7os afins e \/ ou complementares aos da RESOLVA A SUA D\u00cdVIDA.<\/td><\/tr><\/tbody><\/table><\/figure>\n\n\n\n<p><strong>Transfer\u00eancias internacionais&nbsp;<\/strong><\/p>\n\n\n\n<p>Para os fins indicados no par\u00e1grafo anterior, a RESOLVA A SUA D\u00cdVIDA realiza transfer\u00eancias de dados pessoais para fora do territ\u00f3rio do Brasil, com destino aos seguintes pa\u00edses: Espanha, Portugal, It\u00e1lia, Col\u00f4mbia,&nbsp; Estados Unidos da Am\u00e9rica e M\u00e9xico.<\/p>\n\n\n\n<p>A RESOLVA A SUA D\u00cdVIDA apenas transfere dados pessoais para os Estados Unidos da Am\u00e9rica para entidades com o certificado EU-US Privacy Shield. UU., previsto na Decis\u00e3o (UE) 2016\/1250 da Comiss\u00e3o Europeia, de 12 de julho de 2016.<\/p>\n\n\n\n<p>Assim, e pelo facto de o M\u00e9xico n\u00e3o dispor de uma decis\u00e3o de adequa\u00e7\u00e3o por parte da Comiss\u00e3o Europeia, RESOLVA A SUA D\u00cdVIDA adotou medidas para garantir um n\u00edvel adequado de prote\u00e7\u00e3o dos dados pessoais transferidos para esse destino, consistindo na celebra\u00e7\u00e3o de cl\u00e1usulas tipo contratual de prote\u00e7\u00e3o de dados adotadas pela Comiss\u00e3o Europeia.<\/p>\n\n\n\n<p>Em ambos os casos poder\u00e1 solicitar o envio de uma c\u00f3pia da vers\u00e3o p\u00fablica das garantias adotadas por parte da RESOLVA A SUA D\u00cdVIDA, enviando o pedido para dados@resolvuasuadivida.com&nbsp;<\/p>\n\n\n\n<p><strong>Direitos dos interessados<\/strong><\/p>\n\n\n\n<p>Ter\u00e1 o direito de controlar os dados pessoais recolhidos pela RESOLVA A SUA D\u00cdVIDA, por meio do exerc\u00edcio dos seguintes direitos:<\/p>\n\n\n\n<p>a) <strong>Acesso<\/strong>: poder\u00e1 obter a confirma\u00e7\u00e3o do tratamento dos seus dados por parte da RESOLVA A SUA D\u00cdVIDA, incluindo informa\u00e7\u00f5es sobre os fins do tratamento, as categorias dos dados em quest\u00e3o, os destinat\u00e1rios a quem dados pessoais foram comunicados, os prazos ou crit\u00e9rios para a conserva\u00e7\u00e3o de suas informa\u00e7\u00f5es e, se for o caso, a origem dos dados. Em tais casos tem igualmente o direito de obter uma c\u00f3pia desses dados.<\/p>\n\n\n\n<p>b) <strong>Retifica\u00e7\u00e3o<\/strong>: poder\u00e1 solicitar a retifica\u00e7\u00e3o dos seus dados pessoais se estiverem incorretos ou para completar os mesmos, se for esse o caso.<\/p>\n\n\n\n<p>c) <strong>Elimina\u00e7\u00e3o<\/strong>: poder\u00e1 solicitar a elimina\u00e7\u00e3o dos seus dados pessoais quando as condi\u00e7\u00f5es legalmente previstas estejam reunidas e, em particular, quando estes j\u00e1 n\u00e3o sejam necess\u00e1rios para os fins para os quais foram recolhidos.&nbsp;<\/p>\n\n\n\n<p>d) <strong>Limita\u00e7\u00e3o<\/strong>: poder\u00e1 solicitar a limita\u00e7\u00e3o do tratamento dos seus dados quando estes sejam guardados para o exerc\u00edcio de outros direitos ou enquanto estiver a ser discutido a sua veracidade ou as raz\u00f5es pelas quais foi comunicada a oposi\u00e7\u00e3o ao tratamento destes.<\/p>\n\n\n\n<p>e) <strong>Portabilidade<\/strong>: poder\u00e1 solicitar a portabilidade dos seus dados a outro respons\u00e1vel desde que cumpridas as condi\u00e7\u00f5es necess\u00e1rias.<\/p>\n\n\n\n<p>f) <strong>Oposi\u00e7\u00e3o<\/strong>: em determinadas circunst\u00e2ncias e por motivos relacionados com a sua situa\u00e7\u00e3o particular, pode opor-se ao tratamento dos seus dados.<\/p>\n\n\n\n<p>Poder\u00e1 exercer seus direitos, gratuitamente, atrav\u00e9s dos seguintes meios e com os seguintes requisitos:<\/p>\n\n\n\n<p>\u2022 Pedido por correio, mediante requerimento escrito e assinado, dirigido a REPARADORA RSD BRASIL LTDA na Rua Gomes de Carvalho, 1666 &#8211; 2\u00ba Andar &#8211; Vila Ol\u00edmpia, S\u00e3o Paulo &#8211; SP, 04547-006, Brasil. Assunto: Prote\u00e7\u00e3o de dados. Requisitos: enviar identifica\u00e7\u00e3o do requerente.<\/p>\n\n\n\n<p>\u2022 Pedido eletr\u00f3nico, mediante requerimento dirigido para o e-mail&nbsp;<a href=\"mailto:dados@resolvuasuadivida.com\">dados@resolvuasuadivida.com<\/a>&nbsp;Assunto: Prote\u00e7\u00e3o de dados. Requisitos: anexar uma c\u00f3pia digitalizada do documento de identifica\u00e7\u00e3o do requerente.<\/p>\n\n\n\n<p>A RESOLVA A SUA D\u00cdVIDA responder\u00e1 no prazo m\u00e1ximo de um m\u00eas a contar desde a rece\u00e7\u00e3o do requerimento e, em casos excepcionais, o prazo poder\u00e1 inclusivamente ser ampliado por mais dois meses.&nbsp;<\/p>\n\n\n\n<p>A qualquer momento, poder\u00e1 opor-se ao tratamento dos seus dados pessoais para o envio de comunica\u00e7\u00f5es eletr\u00f3nicas com ofertas e novos servi\u00e7os da RESOLVA A SUA D\u00cdVIDA. Para esse efeito, poder\u00e1 exercer seu direito de oposi\u00e7\u00e3o por via dos canais acima indicados ou por meio dos sistemas de cancelamento de assinatura inclu\u00eddos nas comunica\u00e7\u00f5es enviadas.<\/p>\n\n\n\n<p><strong>Por quanto tempo ser\u00e3o conservados os seus dados pessoais?<\/strong><\/p>\n\n\n\n<p>Os dados pessoais recolhidos ser\u00e3o conservados pela RESOLVA A SUA D\u00cdVIDA de acordo com os seguintes crit\u00e9rios:<\/p>\n\n\n\n<p>\u2022 At\u00e9 6 meses, a contar da data em que solicitou informa\u00e7\u00f5es sobre os servi\u00e7os prestados sem que os mesmos tenham sido contratados.<\/p>\n\n\n\n<p>\u2022 Os dados pessoais relativos \u00e0 contrata\u00e7\u00e3o, presta\u00e7\u00e3o, cobran\u00e7a e pagamento dos servi\u00e7os contratados ser\u00e3o guardados durante a vig\u00eancia da rela\u00e7\u00e3o contratual e at\u00e9 2 anos ap\u00f3s a sua rescis\u00e3o, para responder por qualquer responsabilidade derivada da presta\u00e7\u00e3o dos nossos servi\u00e7os (com exce\u00e7\u00e3o do n\u00famero de identifica\u00e7\u00e3o fiscal).<\/p>\n\n\n\n<p>\u2022 O N\u00f3 do Cadastro de Personas F\u00edsicas \u2013 CPF. ser\u00e1 conservado por um prazo de 10 anos, contados a partir do termo da rela\u00e7\u00e3o contratual com RESOLVA A SUA D\u00cdVIDA, com o \u00fanico prop\u00f3sito de evitar a contrata\u00e7\u00e3o recorrente dos servi\u00e7os, assim que os mesmos tenham sido utilizados para efetuar o pagamento das suas d\u00edvidas.<\/p>\n\n\n\n<p>\u2022 Por tempo indeterminado, os dados pessoais imprescind\u00edveis para o envio de comunica\u00e7\u00f5es com uma oferta e novos servi\u00e7os da RESOLVA A SUA D\u00cdVIDA, a menos que haja oposi\u00e7\u00e3o por parte do titular dos dados.<\/p>\n\n\n\n<p>Os prazos indicados ser\u00e3o aplic\u00e1veis, sem preju\u00edzo de qualquer pedido de limita\u00e7\u00e3o do tratamento que os titulares dos dados possam comunicar \u00e0 RESOLVA A SUA D\u00cdVIDA.<\/p>\n\n\n\n<p><strong>Reclama\u00e7\u00f5es<\/strong><\/p>\n\n\n\n<p>O titular tem o direito de apresentar uma reclama\u00e7\u00e3o \u00e0 Autoridade Nacional de Prote\u00e7\u00e3o de Dados (ANPD) se n\u00e3o ficar satisfeito com a resposta dada ao pedido de exerc\u00edcio de algum dos seus direitos, ou se considerar que n\u00e3o prestamos um tratamento adequado aos seus dados pessoais. Para mais informa\u00e7\u00f5es poder\u00e1 consultar o website&nbsp;<a href=\"http:\/\/www.gov.br\/anpd\/pt-br\">www.gov.br\/anpd\/pt-br<\/a><\/p>\n\n\n\n<p><strong>Modifica\u00e7\u00f5es e atualiza\u00e7\u00f5es da pol\u00edtica de privacidade&nbsp;<\/strong><\/p>\n\n\n\n<p>A RESOLVA A SUA D\u00cdVIDA poder\u00e1 modificar, ampliar, corrigir ou atualizar a presente Pol\u00edtica de Privacidade, a qualquer momento e sob sua total responsabilidade. Em todos os casos, publicaremos a data da \u00faltima atualiza\u00e7\u00e3o da presente pol\u00edtica. Podemos comunicar essas altera\u00e7\u00f5es atrav\u00e9s do nosso website ou atrav\u00e9s de e-mail caso o endere\u00e7o nos tenha sido disponibilizado.<\/p>\n\n\n\n<p class=\"has-text-align-right\"><strong><strong>\u00daltima atualiza\u00e7\u00e3o em abril de 2022.<\/strong><\/strong><\/p>\n","protected":false},"excerpt":{"rendered":"<p>Pol\u00edtica de Privacidade para Clientes O objetivo da presente Pol\u00edtica de Privacidade \u00e9 que os seus clientes sejam informados sobre o tratamento de dados pessoais das pessoas que contratam os servi\u00e7os da [&#8230;]<\/p>\n<p><a class=\"read-more\" href=\"https:\/\/resuelvetudeuda.com\/pt-br\/politica-de-privacidade-para-clientes\/\">Leer m\u00e1s<\/a><\/p>\n","protected":false},"author":20,"featured_media":0,"parent":0,"menu_order":0,"comment_status":"closed","ping_status":"closed","template":"page-templates\/template-legales.php","meta":{"footnotes":""},"class_list":["post-10935","page","type-page","status-publish","hentry"],"yoast_head":"<!-- This site is optimized with the Yoast SEO plugin v20.13 - https:\/\/yoast.com\/wordpress\/plugins\/seo\/ -->\n<title>Pol\u00edtica de Privacidade para Clientes - Resolva A Sua D\u00edvida Brasil<\/title>\n<meta name=\"robots\" content=\"index, follow, max-snippet:-1, max-image-preview:large, max-video-preview:-1\" \/>\n<link rel=\"canonical\" href=\"https:\/\/resuelvetudeuda.com\/pt-pt\/politica-de-privacidade-para-clientes\/\" \/>\n<meta property=\"og:locale\" content=\"pt_BR\" \/>\n<meta property=\"og:type\" content=\"article\" \/>\n<meta property=\"og:title\" content=\"Pol\u00edtica de Privacidade para Clientes - Resolva A Sua D\u00edvida Brasil\" \/>\n<meta property=\"og:description\" content=\"Pol\u00edtica de Privacidade para Clientes O objetivo da presente Pol\u00edtica de Privacidade \u00e9 que os seus clientes sejam informados sobre o tratamento de dados pessoais das pessoas que contratam os servi\u00e7os da [...]Leer m\u00e1s\" \/>\n<meta property=\"og:url\" content=\"https:\/\/resuelvetudeuda.com\/pt-pt\/politica-de-privacidade-para-clientes\/\" \/>\n<meta property=\"og:site_name\" content=\"Resolva A Sua D\u00edvida Brasil\" \/>\n<meta property=\"article:modified_time\" content=\"2022-04-07T19:50:14+00:00\" \/>\n<meta name=\"twitter:card\" content=\"summary_large_image\" \/>\n<meta name=\"twitter:label1\" content=\"Est. tempo de leitura\" \/>\n\t<meta name=\"twitter:data1\" content=\"10 minutos\" \/>\n<script type=\"application\/ld+json\" class=\"yoast-schema-graph\">{\"@context\":\"https:\/\/schema.org\",\"@graph\":[{\"@type\":\"WebPage\",\"@id\":\"https:\/\/resuelvetudeuda.com\/pt-br\/politica-de-privacidade-para-clientes\/\",\"url\":\"https:\/\/resuelvetudeuda.com\/pt-pt\/politica-de-privacidade-para-clientes\/\",\"name\":\"Pol\u00edtica de Privacidade para Clientes - Resolva A Sua D\u00edvida Brasil\",\"isPartOf\":{\"@id\":\"https:\/\/resolvasuadivida.com\/#website\"},\"datePublished\":\"2021-05-26T16:50:05+00:00\",\"dateModified\":\"2022-04-07T19:50:14+00:00\",\"breadcrumb\":{\"@id\":\"https:\/\/resuelvetudeuda.com\/pt-pt\/politica-de-privacidade-para-clientes\/#breadcrumb\"},\"inLanguage\":\"pt-BR\",\"potentialAction\":[{\"@type\":\"ReadAction\",\"target\":[\"https:\/\/resuelvetudeuda.com\/pt-pt\/politica-de-privacidade-para-clientes\/\"]}]},{\"@type\":\"BreadcrumbList\",\"@id\":\"https:\/\/resuelvetudeuda.com\/pt-pt\/politica-de-privacidade-para-clientes\/#breadcrumb\",\"itemListElement\":[{\"@type\":\"ListItem\",\"position\":1,\"name\":\"Inicio\",\"item\":\"https:\/\/resolvasuadivida.com\/\"},{\"@type\":\"ListItem\",\"position\":2,\"name\":\"Pol\u00edtica de Privacidade para Clientes\"}]},{\"@type\":\"WebSite\",\"@id\":\"https:\/\/resolvasuadivida.com\/#website\",\"url\":\"https:\/\/resolvasuadivida.com\/\",\"name\":\"Resolva A Sua D\u00edvida Brasil\",\"description\":\"Somos la reparadora de cr\u00e9dito con m\u00e1s experiencia en Am\u00e9rica Latina.\",\"potentialAction\":[{\"@type\":\"SearchAction\",\"target\":{\"@type\":\"EntryPoint\",\"urlTemplate\":\"https:\/\/resolvasuadivida.com\/?s={search_term_string}\"},\"query-input\":\"required name=search_term_string\"}],\"inLanguage\":\"pt-BR\"}]}<\/script>\n<!-- \/ Yoast SEO plugin. -->","yoast_head_json":{"title":"Pol\u00edtica de Privacidade para Clientes - Resolva A Sua D\u00edvida Brasil","robots":{"index":"index","follow":"follow","max-snippet":"max-snippet:-1","max-image-preview":"max-image-preview:large","max-video-preview":"max-video-preview:-1"},"canonical":"https:\/\/resuelvetudeuda.com\/pt-pt\/politica-de-privacidade-para-clientes\/","og_locale":"pt_BR","og_type":"article","og_title":"Pol\u00edtica de Privacidade para Clientes - Resolva A Sua D\u00edvida Brasil","og_description":"Pol\u00edtica de Privacidade para Clientes O objetivo da presente Pol\u00edtica de Privacidade \u00e9 que os seus clientes sejam informados sobre o tratamento de dados pessoais das pessoas que contratam os servi\u00e7os da [...]Leer m\u00e1s","og_url":"https:\/\/resuelvetudeuda.com\/pt-pt\/politica-de-privacidade-para-clientes\/","og_site_name":"Resolva A Sua D\u00edvida Brasil","article_modified_time":"2022-04-07T19:50:14+00:00","twitter_card":"summary_large_image","twitter_misc":{"Est. tempo de leitura":"10 minutos"},"schema":{"@context":"https:\/\/schema.org","@graph":[{"@type":"WebPage","@id":"https:\/\/resuelvetudeuda.com\/pt-br\/politica-de-privacidade-para-clientes\/","url":"https:\/\/resuelvetudeuda.com\/pt-pt\/politica-de-privacidade-para-clientes\/","name":"Pol\u00edtica de Privacidade para Clientes - Resolva A Sua D\u00edvida Brasil","isPartOf":{"@id":"https:\/\/resolvasuadivida.com\/#website"},"datePublished":"2021-05-26T16:50:05+00:00","dateModified":"2022-04-07T19:50:14+00:00","breadcrumb":{"@id":"https:\/\/resuelvetudeuda.com\/pt-pt\/politica-de-privacidade-para-clientes\/#breadcrumb"},"inLanguage":"pt-BR","potentialAction":[{"@type":"ReadAction","target":["https:\/\/resuelvetudeuda.com\/pt-pt\/politica-de-privacidade-para-clientes\/"]}]},{"@type":"BreadcrumbList","@id":"https:\/\/resuelvetudeuda.com\/pt-pt\/politica-de-privacidade-para-clientes\/#breadcrumb","itemListElement":[{"@type":"ListItem","position":1,"name":"Inicio","item":"https:\/\/resolvasuadivida.com\/"},{"@type":"ListItem","position":2,"name":"Pol\u00edtica de Privacidade para Clientes"}]},{"@type":"WebSite","@id":"https:\/\/resolvasuadivida.com\/#website","url":"https:\/\/resolvasuadivida.com\/","name":"Resolva A Sua D\u00edvida Brasil","description":"Somos la reparadora de cr\u00e9dito con m\u00e1s experiencia en Am\u00e9rica Latina.","potentialAction":[{"@type":"SearchAction","target":{"@type":"EntryPoint","urlTemplate":"https:\/\/resolvasuadivida.com\/?s={search_term_string}"},"query-input":"required name=search_term_string"}],"inLanguage":"pt-BR"}]}},"_links":{"self":[{"href":"https:\/\/resuelvetudeuda.com\/pt-br\/wp-json\/wp\/v2\/pages\/10935","targetHints":{"allow":["GET"]}}],"collection":[{"href":"https:\/\/resuelvetudeuda.com\/pt-br\/wp-json\/wp\/v2\/pages"}],"about":[{"href":"https:\/\/resuelvetudeuda.com\/pt-br\/wp-json\/wp\/v2\/types\/page"}],"author":[{"embeddable":true,"href":"https:\/\/resuelvetudeuda.com\/pt-br\/wp-json\/wp\/v2\/users\/20"}],"replies":[{"embeddable":true,"href":"https:\/\/resuelvetudeuda.com\/pt-br\/wp-json\/wp\/v2\/comments?post=10935"}],"version-history":[{"count":0,"href":"https:\/\/resuelvetudeuda.com\/pt-br\/wp-json\/wp\/v2\/pages\/10935\/revisions"}],"wp:attachment":[{"href":"https:\/\/resuelvetudeuda.com\/pt-br\/wp-json\/wp\/v2\/media?parent=10935"}],"curies":[{"name":"wp","href":"https:\/\/api.w.org\/{rel}","templated":true}]}}