{"id":9763,"date":"2020-10-04T22:09:32","date_gmt":"2020-10-05T03:09:32","guid":{"rendered":"http:\/\/resuelve-tu-deuda.local\/?page_id=9763"},"modified":"2023-06-26T04:56:59","modified_gmt":"2023-06-26T10:56:59","slug":"domande-frequenti","status":"publish","type":"page","link":"https:\/\/resuelvetudeuda.com\/it-it\/domande-frequenti\/","title":{"rendered":"Domande Frequenti"},"content":{"rendered":"<div class=\"wp-bootstrap-blocks-container container mb-2\">\n\t\n\n<div class=\"wp-block-rtd-block-rtd-title row page-title\"><div class=\"col text-center\"><h2>Questi sono alcuni dei<br><strong>dubbi pi\u00f9 comuni<\/strong><\/h2><\/div><\/div>\n\n\n<div class=\"wp-bootstrap-blocks-row row\">\n\t\n\n<div class=\"col-12 col-md-4\">\n\t\t\t\n\n<div class=\"wp-block-rtd-rtd-image-box image-box faq-image-box\"><a href=\"#programma\"><div class=\"image-box-content\"><div class=\"image-box-image\"><img decoding=\"async\" src=\"https:\/\/resuelvetudeuda.com\/it\/wp-content\/uploads\/sites\/3\/2021\/02\/faqs_programa.png\"\/><\/div><h4>Sul programma<\/h4><\/div><\/a><\/div>\n\n\t<\/div>\n\n\n\n<div class=\"col-12 col-md-4\">\n\t\t\t\n\n<div class=\"wp-block-rtd-rtd-image-box image-box faq-image-box\"><a href=\"#clienti\"><div class=\"image-box-content\"><div class=\"image-box-image\"><img decoding=\"async\" src=\"https:\/\/resuelvetudeuda.com\/it\/wp-content\/uploads\/sites\/3\/2021\/02\/faqs_clientes.png\"\/><\/div><h4>Per i clienti<\/h4><\/div><\/a><\/div>\n\n\t<\/div>\n\n\n\n<div class=\"col-12 col-md-4\">\n\t\t\t\n\n<div class=\"wp-block-rtd-rtd-image-box image-box faq-image-box\"><a href=\"#legislativo\"><div class=\"image-box-content\"><div class=\"image-box-image\"><img decoding=\"async\" src=\"https:\/\/resuelvetudeuda.com\/it\/wp-content\/uploads\/sites\/3\/2021\/02\/faqs_regulacion.png\"\/><\/div><h4>Quadro legislativo<\/h4><\/div><\/a><\/div>\n\n\t<\/div>\n\n<\/div>\n\n<\/div>\n\n\n<div class=\"wp-bootstrap-blocks-container container-fluid mb-2 pleca-left\">\n\t\n<div class=\"wp-bootstrap-blocks-container container mb-2\">\n\t\n<div class=\"wp-bootstrap-blocks-row row\">\n\t\n\n<div class=\"col-12 col-md-12\">\n\t\t\t\n<script>\n(function($) {\n\n    $(document).ready(function() {\n\n\n        \/\/ Smooth scrolling when clicking on a hash link\n        $('a[href^=\"#\"]:not([data-toggle=\"collapse\"])').on(\"click\", function(e) {\n            e.preventDefault();\n\n            var target = this.hash;\n            var $target = $(target);\n\n            $(\"html, body\").stop().animate({\n                    scrollTop: $target.offset().top,\n                },\n                900,\n                \"swing\"\n            );\n        });\n\n    });\n})(jQuery);\n<\/script>\n<div id=\"programma\" class=\"faqs-section\">\n <h3>Scopri il nostro programma <\/h3>\n \n <div class=\"panel-group\" id=\"accordion-programma\" role=\"tablist\" aria-multiselectable=\"true\">\n <div class=\"panel panel-default\">\n <div class=\"panel-heading\" role=\"tab\" id=\"faq-9698\">\n <h5 class=\"panel-title\">\n <a class=\"collapsed\" role=\"button\" data-toggle=\"collapse\"\n href=\"#collapseItemOpen9698\" aria-expanded=\"true\"\n aria-controls=\"collapseItemOpen9698\">\n Risolvi il tuo Debito mi concede un prestito? <\/a>\n <\/h5>\n <\/div>\n <div id=\"collapseItemOpen9698\" class=\"panel-collapse collapse in\" role=\"tabpanel\"\n aria-labelledby=\"faq-9698\">\n <div class=\"panel-body\">\n <p>\n<p>Il nostro obiettivo \u00e8 aiutarti a costruire abitudini finanziarie sane. Per questo non eroghiamo credito ma ti sosteniamo affinch\u00e9 tu possa estinguere i debiti con le tue stesse risorse finanziarie e nel frattempo di aiutiamo a gestire le chiamate dei creditori.<\/p>\n <\/p>\n <\/div>\n <\/div>\n <\/div>\n <\/div>\n\n <hr>\n\n \n <div class=\"panel-group\" id=\"accordion-programma\" role=\"tablist\" aria-multiselectable=\"true\">\n <div class=\"panel panel-default\">\n <div class=\"panel-heading\" role=\"tab\" id=\"faq-9701\">\n <h5 class=\"panel-title\">\n <a class=\"collapsed\" role=\"button\" data-toggle=\"collapse\"\n href=\"#collapseItemOpen9701\" aria-expanded=\"true\"\n aria-controls=\"collapseItemOpen9701\">\n \u00c8 possibile consolidare il mio debito? <\/a>\n <\/h5>\n <\/div>\n <div id=\"collapseItemOpen9701\" class=\"panel-collapse collapse in\" role=\"tabpanel\"\n aria-labelledby=\"faq-9701\">\n <div class=\"panel-body\">\n <p>\n<p>Noi non effettuiamo consolidamenti di debiti, per\u00f2 negoziamo sconti con i tuoi diversi creditori affinch\u00e9 tu possa estinguere i tuoi debiti pagando meno.<\/p>\n <\/p>\n <\/div>\n <\/div>\n <\/div>\n <\/div>\n\n <hr>\n\n \n <div class=\"panel-group\" id=\"accordion-programma\" role=\"tablist\" aria-multiselectable=\"true\">\n <div class=\"panel panel-default\">\n <div class=\"panel-heading\" role=\"tab\" id=\"faq-9703\">\n <h5 class=\"panel-title\">\n <a class=\"collapsed\" role=\"button\" data-toggle=\"collapse\"\n href=\"#collapseItemOpen9703\" aria-expanded=\"true\"\n aria-controls=\"collapseItemOpen9703\">\n In quanto tempo posso estinguere il mio debito? <\/a>\n <\/h5>\n <\/div>\n <div id=\"collapseItemOpen9703\" class=\"panel-collapse collapse in\" role=\"tabpanel\"\n aria-labelledby=\"faq-9703\">\n <div class=\"panel-body\">\n <p>\n<p>Una volta che il team di Risolvi il tuo Debito avr\u00e0 analizzato la tua situazione nel dettaglio in profondit\u00e0, il tuo consulente definir\u00e0 uno specifico piano di risparmio di durata personalizzata in base alle tue disponibilit\u00e0. In media, potrai liberarti dei debiti in 16 o 28 mesi.<\/p>\n <\/p>\n <\/div>\n <\/div>\n <\/div>\n <\/div>\n\n <hr>\n\n \n <div class=\"panel-group\" id=\"accordion-programma\" role=\"tablist\" aria-multiselectable=\"true\">\n <div class=\"panel panel-default\">\n <div class=\"panel-heading\" role=\"tab\" id=\"faq-9707\">\n <h5 class=\"panel-title\">\n <a class=\"collapsed\" role=\"button\" data-toggle=\"collapse\"\n href=\"#collapseItemOpen9707\" aria-expanded=\"true\"\n aria-controls=\"collapseItemOpen9707\">\n Lo sconto \u00e8 garantito? <\/a>\n <\/h5>\n <\/div>\n <div id=\"collapseItemOpen9707\" class=\"panel-collapse collapse in\" role=\"tabpanel\"\n aria-labelledby=\"faq-9707\">\n <div class=\"panel-body\">\n <p>\n<p>Solo l\u2019istituto di credito pu\u00f2 garantire lo sconto sui debiti, tuttavia nel nostro programma analizziamo ogni caso nel dettaglio e accettiamo quelli che presentano un\u2019alta probabilit\u00e0 di successo. Negli ultimi 13 anni abbiamo liquidato pi\u00f9 di duecentomila debiti e abbiamo ottenuto sconti fino al 70%.<\/p>\n <\/p>\n <\/div>\n <\/div>\n <\/div>\n <\/div>\n\n <hr>\n\n \n <div class=\"panel-group\" id=\"accordion-programma\" role=\"tablist\" aria-multiselectable=\"true\">\n <div class=\"panel panel-default\">\n <div class=\"panel-heading\" role=\"tab\" id=\"faq-9709\">\n <h5 class=\"panel-title\">\n <a class=\"collapsed\" role=\"button\" data-toggle=\"collapse\"\n href=\"#collapseItemOpen9709\" aria-expanded=\"true\"\n aria-controls=\"collapseItemOpen9709\">\n C\u2019\u00e8 un limite massimo di debiti? <\/a>\n <\/h5>\n <\/div>\n <div id=\"collapseItemOpen9709\" class=\"panel-collapse collapse in\" role=\"tabpanel\"\n aria-labelledby=\"faq-9709\">\n <div class=\"panel-body\">\n <p>\n<p>Ovviamente no! Vogliamo aiutarti a riconquistare l\u2019indipendenza finanziaria, per questa ragione puoi registrare tutti i debiti che hai e noi ti aiuteremo ad estinguerli. Qui trovi i <a href=\"https:\/\/resuelvetudeuda.com\/it-it\/requisiti\/\" data-type=\"page\" data-id=\"9866\">requisiti per partecipare al programma.<\/a><\/p>\n <\/p>\n <\/div>\n <\/div>\n <\/div>\n <\/div>\n\n <hr>\n\n \n <div class=\"panel-group\" id=\"accordion-programma\" role=\"tablist\" aria-multiselectable=\"true\">\n <div class=\"panel panel-default\">\n <div class=\"panel-heading\" role=\"tab\" id=\"faq-9711\">\n <h5 class=\"panel-title\">\n <a class=\"collapsed\" role=\"button\" data-toggle=\"collapse\"\n href=\"#collapseItemOpen9711\" aria-expanded=\"true\"\n aria-controls=\"collapseItemOpen9711\">\n Voi potete cancellare i miei dati dalla Centrale dei Rischi? <\/a>\n <\/h5>\n <\/div>\n <div id=\"collapseItemOpen9711\" class=\"panel-collapse collapse in\" role=\"tabpanel\"\n aria-labelledby=\"faq-9711\">\n <div class=\"panel-body\">\n <p>\n<p>Tutte le persone che hanno contratto un debito, anche se non sono in ritardo con i pagamenti, sono registrate alla Centrale dei Rischi. Nessuna entit\u00e0 finanziaria pu\u00f2 cancellare i tuoi dati, tuttavia il nostro programma ti pu\u00f2 aiutare a migliorare il credit score.<\/p>\n <\/p>\n <\/div>\n <\/div>\n <\/div>\n <\/div>\n\n <hr>\n\n <\/div>\n\n\n<script>\n(function($) {\n\n    $(document).ready(function() {\n\n\n        \/\/ Smooth scrolling when clicking on a hash link\n        $('a[href^=\"#\"]:not([data-toggle=\"collapse\"])').on(\"click\", function(e) {\n            e.preventDefault();\n\n            var target = this.hash;\n            var $target = $(target);\n\n            $(\"html, body\").stop().animate({\n                    scrollTop: $target.offset().top,\n                },\n                900,\n                \"swing\"\n            );\n        });\n\n    });\n})(jQuery);\n<\/script>\n<div id=\"clienti\" class=\"faqs-section\">\n <h3>Per i Clienti <\/h3>\n \n <div class=\"panel-group\" id=\"accordion-clienti\" role=\"tablist\" aria-multiselectable=\"true\">\n <div class=\"panel panel-default\">\n <div class=\"panel-heading\" role=\"tab\" id=\"faq-9715\">\n <h5 class=\"panel-title\">\n <a class=\"collapsed\" role=\"button\" data-toggle=\"collapse\"\n href=\"#collapseItemOpen9715\" aria-expanded=\"true\"\n aria-controls=\"collapseItemOpen9715\">\n Che succede se smetto di pagare? <\/a>\n <\/h5>\n <\/div>\n <div id=\"collapseItemOpen9715\" class=\"panel-collapse collapse in\" role=\"tabpanel\"\n aria-labelledby=\"faq-9715\">\n <div class=\"panel-body\">\n <p>\n<p>Risolvi il tuo Debito non applica nessuna penalit\u00e0 o interesse per i ritardi, tuttavia il tuo programma si allungher\u00e0 rispetto a ci\u00f2 che era stato pattuito inizialmente. Ricorda che la tua quota di risparmio mensile include le nostre commissioni, per questo motivo se smetti di pagare o accumuli dei ritardi nei pagamenti, la riscossione delle commissioni non cesser\u00e0 e potrebbe intaccare i risparmi che hai gi\u00e0 messo da parte.<\/p>\n <\/p>\n <\/div>\n <\/div>\n <\/div>\n <\/div>\n\n <hr>\n\n <\/div>\n\n\n<script>\n(function($) {\n\n    $(document).ready(function() {\n\n\n        \/\/ Smooth scrolling when clicking on a hash link\n        $('a[href^=\"#\"]:not([data-toggle=\"collapse\"])').on(\"click\", function(e) {\n            e.preventDefault();\n\n            var target = this.hash;\n            var $target = $(target);\n\n            $(\"html, body\").stop().animate({\n                    scrollTop: $target.offset().top,\n                },\n                900,\n                \"swing\"\n            );\n        });\n\n    });\n})(jQuery);\n<\/script>\n<div id=\"legislativo\" class=\"faqs-section\">\n <h3>Quadro Legislativo <\/h3>\n \n <div class=\"panel-group\" id=\"accordion-legislativo\" role=\"tablist\" aria-multiselectable=\"true\">\n <div class=\"panel panel-default\">\n <div class=\"panel-heading\" role=\"tab\" id=\"faq-9719\">\n <h5 class=\"panel-title\">\n <a class=\"collapsed\" role=\"button\" data-toggle=\"collapse\"\n href=\"#collapseItemOpen9719\" aria-expanded=\"true\"\n aria-controls=\"collapseItemOpen9719\">\n Esiste un quadro legislativo di riferimento? <\/a>\n <\/h5>\n <\/div>\n <div id=\"collapseItemOpen9719\" class=\"panel-collapse collapse in\" role=\"tabpanel\"\n aria-labelledby=\"faq-9719\">\n <div class=\"panel-body\">\n <p>\n<p>In Italia, Risolvi il tuo debito opera in qualit\u00e0 di mandatario con rappresentanza, quindi agendo in nome e per conto del Cliente, cos\u00ec come disciplinato dall&#8217;art. 1704 cod. civ.<\/p>\n <\/p>\n <\/div>\n <\/div>\n <\/div>\n <\/div>\n\n <hr>\n\n \n <div class=\"panel-group\" id=\"accordion-legislativo\" role=\"tablist\" aria-multiselectable=\"true\">\n <div class=\"panel panel-default\">\n <div class=\"panel-heading\" role=\"tab\" id=\"faq-9721\">\n <h5 class=\"panel-title\">\n <a class=\"collapsed\" role=\"button\" data-toggle=\"collapse\"\n href=\"#collapseItemOpen9721\" aria-expanded=\"true\"\n aria-controls=\"collapseItemOpen9721\">\n Quanto \u00e8 affidabile Risolvi il tuo Debito? <\/a>\n <\/h5>\n <\/div>\n <div id=\"collapseItemOpen9721\" class=\"panel-collapse collapse in\" role=\"tabpanel\"\n aria-labelledby=\"faq-9721\">\n <div class=\"panel-body\">\n <p>\n<p>In pi\u00f9 di tredici anni di attivit\u00e0, abbiamo aiutato pi\u00f9 di 250.000 persone che desideravano una seconda opportunit\u00e0. <a href=\"https:\/\/risolviiltuodebito.it\/blog\/educazione-finanziaria\/risolvi-tuo-debito-riparatrice-credito-affidabile\/\" target=\"_blank\" rel=\"noreferrer noopener\">Clicca qui<\/a> per sapere di pi\u00f9 su di noi.<\/p>\n <\/p>\n <\/div>\n <\/div>\n <\/div>\n <\/div>\n\n <hr>\n\n <\/div>\n\n\t<\/div>\n\n\n\n<div class=\"col-12\">\n\t\t\t\n\n<div class=\"wp-block-rtd-rtd-cta undefined cta\"><h3>Non era ci\u00f2 che stavi cercando?<\/h3><p><\/p><a href=\"https:\/\/risolviiltuodebito.it\/richiedi-una-consulenza\/\" class=\"btn btn-lg\">Contattaci<\/a><\/div>\n\n\t<\/div>\n\n<\/div>\n\n<\/div>\n\n<\/div>\n","protected":false},"excerpt":{"rendered":"<p> [&#8230;]<\/p>\n<p><a class=\"read-more\" href=\"https:\/\/resuelvetudeuda.com\/it-it\/domande-frequenti\/\">Scopri di pi\u00f9<\/a><\/p>\n","protected":false},"author":5,"featured_media":0,"parent":0,"menu_order":0,"comment_status":"closed","ping_status":"closed","template":"page-templates\/template-rtd-default.php","meta":{"footnotes":""},"class_list":["post-9763","page","type-page","status-publish","hentry"],"yoast_head":"\n<title>Domande frequenti di Risolvi il tuo Debito<\/title>\n<meta name=\"description\" content=\"Come funziona? Quanto costa il programma di Risolvi il tuo Debito? Requisiti per entrare? Ecco tutte le domande frequenti\" \/>\n<meta name=\"robots\" content=\"index, follow, max-snippet:-1, max-image-preview:large, max-video-preview:-1\" \/>\n<link rel=\"canonical\" href=\"https:\/\/risolviiltuodebito.it\/domande-frequenti\/\" \/>\n<meta property=\"og:locale\" content=\"it_IT\" \/>\n<meta property=\"og:type\" content=\"article\" \/>\n<meta property=\"og:title\" content=\"Domande frequenti di Risolvi il tuo Debito\" \/>\n<meta property=\"og:description\" content=\"Come funziona? Quanto costa il programma di Risolvi il tuo Debito? Requisiti per entrare? Ecco tutte le domande frequenti\" \/>\n<meta property=\"og:url\" content=\"https:\/\/risolviiltuodebito.it\/domande-frequenti\/\" \/>\n<meta property=\"og:site_name\" content=\"Risolvi il tuo debito\" \/>\n<meta property=\"article:publisher\" content=\"https:\/\/www.facebook.com\/ResuelveTuDeuda\" \/>\n<meta property=\"article:modified_time\" content=\"2023-06-26T10:56:59+00:00\" \/>\n<meta property=\"og:image\" content=\"https:\/\/resuelvetudeuda.com\/it\/wp-content\/uploads\/sites\/3\/2021\/02\/faqs_programa.png\" \/>\n<meta name=\"twitter:card\" content=\"summary_large_image\" \/>\n<meta name=\"twitter:site\" content=\"@resuelvetudeuda\" \/>\n<meta name=\"twitter:label1\" content=\"Tempo di lettura stimato\" \/>\n\t<meta name=\"twitter:data1\" content=\"1 minuto\" \/>\n<script type=\"application\/ld+json\" class=\"yoast-schema-graph\">{\"@context\":\"https:\/\/schema.org\",\"@graph\":[{\"@type\":\"WebPage\",\"@id\":\"https:\/\/resuelvetudeuda.com\/it-it\/domande-frequenti\/\",\"url\":\"https:\/\/risolviiltuodebito.it\/domande-frequenti\/\",\"name\":\"Domande frequenti di Risolvi il tuo Debito\",\"isPartOf\":{\"@id\":\"https:\/\/resuelvetudeuda.com\/it-it\/#website\"},\"datePublished\":\"2020-10-05T03:09:32+00:00\",\"dateModified\":\"2023-06-26T10:56:59+00:00\",\"description\":\"Come funziona? Quanto costa il programma di Risolvi il tuo Debito? Requisiti per entrare? Ecco tutte le domande frequenti\",\"breadcrumb\":{\"@id\":\"https:\/\/risolviiltuodebito.it\/domande-frequenti\/#breadcrumb\"},\"inLanguage\":\"it-IT\",\"potentialAction\":[{\"@type\":\"ReadAction\",\"target\":[\"https:\/\/risolviiltuodebito.it\/domande-frequenti\/\"]}]},{\"@type\":\"BreadcrumbList\",\"@id\":\"https:\/\/risolviiltuodebito.it\/domande-frequenti\/#breadcrumb\",\"itemListElement\":[{\"@type\":\"ListItem\",\"position\":1,\"name\":\"Inicio\",\"item\":\"https:\/\/resuelvetudeuda.com\/it-it\/\"},{\"@type\":\"ListItem\",\"position\":2,\"name\":\"Domande Frequenti\"}]},{\"@type\":\"WebSite\",\"@id\":\"https:\/\/resuelvetudeuda.com\/it-it\/#website\",\"url\":\"https:\/\/resuelvetudeuda.com\/it-it\/\",\"name\":\"Risolvi il tuo debito\",\"description\":\"Siamo la societ\u00e0 di riparazione del credito con maggiore esperienza in Europa.\",\"publisher\":{\"@id\":\"https:\/\/resuelvetudeuda.com\/it-it\/#organization\"},\"potentialAction\":[{\"@type\":\"SearchAction\",\"target\":{\"@type\":\"EntryPoint\",\"urlTemplate\":\"https:\/\/resuelvetudeuda.com\/it-it\/?s={search_term_string}\"},\"query-input\":\"required name=search_term_string\"}],\"inLanguage\":\"it-IT\"},{\"@type\":\"Organization\",\"@id\":\"https:\/\/resuelvetudeuda.com\/it-it\/#organization\",\"name\":\"Resuelve tu Deuda\",\"url\":\"https:\/\/resuelvetudeuda.com\/it-it\/\",\"logo\":{\"@type\":\"ImageObject\",\"inLanguage\":\"it-IT\",\"@id\":\"https:\/\/resuelvetudeuda.com\/it-it\/#\/schema\/logo\/image\/\",\"url\":\"https:\/\/resuelvetudeuda.com\/it-it\/wp-content\/uploads\/sites\/3\/2021\/04\/logoRTD.png\",\"contentUrl\":\"https:\/\/resuelvetudeuda.com\/it-it\/wp-content\/uploads\/sites\/3\/2021\/04\/logoRTD.png\",\"width\":192,\"height\":192,\"caption\":\"Resuelve tu Deuda\"},\"image\":{\"@id\":\"https:\/\/resuelvetudeuda.com\/it-it\/#\/schema\/logo\/image\/\"},\"sameAs\":[\"https:\/\/www.facebook.com\/ResuelveTuDeuda\",\"https:\/\/twitter.com\/resuelvetudeuda\",\"https:\/\/www.instagram.com\/resuelvetudeuda\",\"https:\/\/www.linkedin.com\/company\/resuelve-global\/\"]}]}<\/script>\n","yoast_head_json":{"title":"Domande frequenti di Risolvi il tuo Debito","description":"Come funziona? Quanto costa il programma di Risolvi il tuo Debito? Requisiti per entrare? Ecco tutte le domande frequenti","robots":{"index":"index","follow":"follow","max-snippet":"max-snippet:-1","max-image-preview":"max-image-preview:large","max-video-preview":"max-video-preview:-1"},"canonical":"https:\/\/risolviiltuodebito.it\/domande-frequenti\/","og_locale":"it_IT","og_type":"article","og_title":"Domande frequenti di Risolvi il tuo Debito","og_description":"Come funziona? Quanto costa il programma di Risolvi il tuo Debito? Requisiti per entrare? Ecco tutte le domande frequenti","og_url":"https:\/\/risolviiltuodebito.it\/domande-frequenti\/","og_site_name":"Risolvi il tuo debito","article_publisher":"https:\/\/www.facebook.com\/ResuelveTuDeuda","article_modified_time":"2023-06-26T10:56:59+00:00","og_image":[{"url":"https:\/\/resuelvetudeuda.com\/it\/wp-content\/uploads\/sites\/3\/2021\/02\/faqs_programa.png"}],"twitter_card":"summary_large_image","twitter_site":"@resuelvetudeuda","twitter_misc":{"Tempo di lettura stimato":"1 minuto"},"schema":{"@context":"https:\/\/schema.org","@graph":[{"@type":"WebPage","@id":"https:\/\/resuelvetudeuda.com\/it-it\/domande-frequenti\/","url":"https:\/\/risolviiltuodebito.it\/domande-frequenti\/","name":"Domande frequenti di Risolvi il tuo Debito","isPartOf":{"@id":"https:\/\/resuelvetudeuda.com\/it-it\/#website"},"datePublished":"2020-10-05T03:09:32+00:00","dateModified":"2023-06-26T10:56:59+00:00","description":"Come funziona? Quanto costa il programma di Risolvi il tuo Debito? Requisiti per entrare? Ecco tutte le domande frequenti","breadcrumb":{"@id":"https:\/\/risolviiltuodebito.it\/domande-frequenti\/#breadcrumb"},"inLanguage":"it-IT","potentialAction":[{"@type":"ReadAction","target":["https:\/\/risolviiltuodebito.it\/domande-frequenti\/"]}]},{"@type":"BreadcrumbList","@id":"https:\/\/risolviiltuodebito.it\/domande-frequenti\/#breadcrumb","itemListElement":[{"@type":"ListItem","position":1,"name":"Inicio","item":"https:\/\/resuelvetudeuda.com\/it-it\/"},{"@type":"ListItem","position":2,"name":"Domande Frequenti"}]},{"@type":"WebSite","@id":"https:\/\/resuelvetudeuda.com\/it-it\/#website","url":"https:\/\/resuelvetudeuda.com\/it-it\/","name":"Risolvi il tuo debito","description":"Siamo la societ\u00e0 di riparazione del credito con maggiore esperienza in Europa.","publisher":{"@id":"https:\/\/resuelvetudeuda.com\/it-it\/#organization"},"potentialAction":[{"@type":"SearchAction","target":{"@type":"EntryPoint","urlTemplate":"https:\/\/resuelvetudeuda.com\/it-it\/?s={search_term_string}"},"query-input":"required name=search_term_string"}],"inLanguage":"it-IT"},{"@type":"Organization","@id":"https:\/\/resuelvetudeuda.com\/it-it\/#organization","name":"Resuelve tu Deuda","url":"https:\/\/resuelvetudeuda.com\/it-it\/","logo":{"@type":"ImageObject","inLanguage":"it-IT","@id":"https:\/\/resuelvetudeuda.com\/it-it\/#\/schema\/logo\/image\/","url":"https:\/\/resuelvetudeuda.com\/it-it\/wp-content\/uploads\/sites\/3\/2021\/04\/logoRTD.png","contentUrl":"https:\/\/resuelvetudeuda.com\/it-it\/wp-content\/uploads\/sites\/3\/2021\/04\/logoRTD.png","width":192,"height":192,"caption":"Resuelve tu Deuda"},"image":{"@id":"https:\/\/resuelvetudeuda.com\/it-it\/#\/schema\/logo\/image\/"},"sameAs":["https:\/\/www.facebook.com\/ResuelveTuDeuda","https:\/\/twitter.com\/resuelvetudeuda","https:\/\/www.instagram.com\/resuelvetudeuda","https:\/\/www.linkedin.com\/company\/resuelve-global\/"]}]}},"_links":{"self":[{"href":"https:\/\/resuelvetudeuda.com\/it-it\/wp-json\/wp\/v2\/pages\/9763","targetHints":{"allow":["GET"]}}],"collection":[{"href":"https:\/\/resuelvetudeuda.com\/it-it\/wp-json\/wp\/v2\/pages"}],"about":[{"href":"https:\/\/resuelvetudeuda.com\/it-it\/wp-json\/wp\/v2\/types\/page"}],"author":[{"embeddable":true,"href":"https:\/\/resuelvetudeuda.com\/it-it\/wp-json\/wp\/v2\/users\/5"}],"replies":[{"embeddable":true,"href":"https:\/\/resuelvetudeuda.com\/it-it\/wp-json\/wp\/v2\/comments?post=9763"}],"version-history":[{"count":0,"href":"https:\/\/resuelvetudeuda.com\/it-it\/wp-json\/wp\/v2\/pages\/9763\/revisions"}],"wp:attachment":[{"href":"https:\/\/resuelvetudeuda.com\/it-it\/wp-json\/wp\/v2\/media?parent=9763"}],"curies":[{"name":"wp","href":"https:\/\/api.w.org\/{rel}","templated":true}]}}