{"id":11448,"date":"2023-01-25T12:01:28","date_gmt":"2023-01-25T18:01:28","guid":{"rendered":"https:\/\/dev.resuelvetudeuda.com\/it-it\/?page_id=11448"},"modified":"2023-07-13T02:07:49","modified_gmt":"2023-07-13T08:07:49","slug":"politica-dei-cookies","status":"publish","type":"page","link":"https:\/\/resuelvetudeuda.com\/it-it\/politica-dei-cookies\/","title":{"rendered":"Politica dei Cookies"},"content":{"rendered":"\n<h2 class=\"wp-block-heading has-text-align-center\">Cookie Policy<\/h2>\n\n\n\n<p>Questo sito web utilizza i cookie. Utilizziamo i cookie per personalizzare contenuti ed annunci, per fornire funzionalit\u00e0 dei social media e per analizzare il nostro traffico. Condividiamo inoltre informazioni sul modo in cui utilizzi il nostro sito con i nostri partner che si occupano di analisi dei dati web, pubblicit\u00e0 e social media, i quali potrebbero combinarle con altre informazioni che hai fornito loro o che hanno raccolto dal tuo utilizzo dei loro servizi. Gentile Utente, la societ\u00e0, Reparadora RTD Italia S.r.l., con sede legale in Roma, Via Lucrezio Caro n. 63, P. iva 11537850965, Pec reparadorartd@legalmail.it, (di seguito anche Risolvi), in qualit\u00e0 di titolare del trattamento, fornisce di seguito le informazioni relative all&#8217;utilizzo dei cookie sul nostro sito web www.risolviiltuodebito.it, (di seguito il &#8220;Sito&#8221;). Per ulteriori informazioni sul trattamento dei dati da parte di Risolvi pu\u00f2 consultare la nostra <a href=\"https:\/\/risolviiltuodebito.it\/politica-sulla-riservatezza\/\">Privacy Policy.<\/a><\/p>\n\n\n\n<p><strong>1.&nbsp;COSA SONO I COOKIE?<\/strong><\/p>\n\n\n\n<p>I cookie sono piccoli file di testo che vengono memorizzati sul tuo dispositivo quando visiti un sito web con informazioni relative alla navigazione o all\u2019utilizzo al fine di identificare il tuo dispositivo. I cookie possono essere di prima parte o di terze parti (cookie di un dominio diverso da quello del ns Sito). I cookie sono utili perch\u00e9 consentono al Sito di riconoscere il dispositivo dell&#8217;utente, acquisiscono informazioni statistiche relative alla navigazione degli utenti e consentono di navigare fra le pagine, ricordando le preferenze espresse e migliorando l&#8217;esperienza di navigazione. Inoltre, consentono di offrire pubblicit\u00e0 pertinente ai suoi interessi e raccogliere informazioni utili a valutare e migliorare le prestazioni del Sito. Distinguiamo tra cookie necessari, cookie statistici e cookie di marketing. Poich\u00e9 non \u00e8 possibile utilizzare correttamente il nostro sito web senza i cookie necessari, questi sono attivati di default. Diversamente, i cookie statistici e di marketing vengono attivati solo con il tuo consenso. La base giuridica per il trattamento dei dati \u00e8: &#8211; per i cookie necessari, il legittimo interesse; &#8211; per le altre tipologie di cookie, \u00e8 il consenso<\/p>\n\n\n\n<p><strong>2.&nbsp;GESTIRE I COOKIE \u2013 IMPOSTAZIONI DEI BROWSER<\/strong><\/p>\n\n\n\n<p>L\u2019utente Modificando le impostazioni del proprio browser pu\u00f2 subordinare l&#8217;installazione dei cookie al proprio consenso preventivo o di impedirne completamente l&#8217;installazione. I browser, generalmente, sono impostati per abilitare automaticamente i cookie; nell\u2019ipotesi in cui non li desideri li pu\u00f2 disabilitare dal browser.<\/p>\n\n\n\n<p><strong>3.&nbsp;COOKIE UTILIZZATI SUL NOSTRO SITO WEB<\/strong><\/p>\n\n\n\n<p>Il nostro sito web non pu\u00f2 essere utilizzato correttamente senza i cookie necessari, poich\u00e9 questi sono richiesti per determinati processi, come l\u2019elaborazione di un ordine d\u2019acquisto. Per poter acquistare un prodotto, quindi, dovrai sempre avere i cookie necessari abilitati nel tuo browser. Disabilitando i cookie necessari non si potranno compiere alcune operazioni sul Sito.<\/p>\n\n\n\n<p>Al fine di rendere pi\u00f9 piacevole e fruibile la visita al Sito, utilizziamo i cookie.<\/p>\n\n\n\n<p>Di seguito ti elenchiamo i cookie che utilizziamo sul nostro Sito.\u00a0<\/p>\n\n\n<script\n\t\ttype=\"text\/javascript\"\n\t\tid=\"CookieDeclaration\"\n\t\tsrc=\"https:\/\/consent.cookiebot.com\/c5215921-7793-4107-bbcc-481865497546\/cd.js\"\n\t\t\t\t\tdata-culture=\"IT\"\n\t\t\t\t><\/script>\n\n\n\n<p><strong>4. CONSENSO<\/strong><\/p>\n\n\n\n<p>Gli utenti sono informati che possono revocare il consenso per essere soggetti a questa politica in qualsiasi momento e possono eliminare i cookie memorizzati sul loro computer o dispositivo attraverso le impostazioni e le configurazioni del loro browser che sono menzionate di seguito:<\/p>\n\n\n\n<p><strong>5. COME DISABILITARE I COOKIE?<\/strong><\/p>\n\n\n\n<p>A seconda del browser con cui l&#8217;utente naviga sul nostro Sito, pu\u00f2 consentire, bloccare o eliminare i cookie installati sul computer modificando i parametri di configurazione dal browser installato. Per modificare le impostazioni dei cookie nel tuo browser web, puoi seguire le istruzioni nella sezione di aiuto del tuo browser web o visitare &#8220;https:\/\/www.allaboutcookies.org&#8221; Puoi anche trovare informazioni su come disabilitare specifici cookie utilizzando i link forniti di seguito:<\/p>\n\n\n\n<p>\u2022 Internet Explorer: Strumenti -&gt; Opzioni Internet -&gt; Privacy -Impostazioni &gt;. Per ulteriori informazioni, \u00e8 possibile consultare il supporto tecnico Microsoft o la Guida del browser.<\/p>\n\n\n\n<p>\u2022 Firefox: Strumenti -Opzioni &gt; -&gt; Privacy -&gt; Cronologia -&gt; Impostazioni personalizzate. Per ulteriori informazioni, \u00e8 possibile consultare il supporto Mozilla o la Guida del browser.<\/p>\n\n\n\n<p>\u2022 Chrome: Impostazioni -&gt; Mostra opzioni avanzate -&gt; Privacy -&gt; Impostazioni contenuti.<\/p>\n\n\n\n<p>\u2022 Safari: Preferenze &#8211; &gt; Sicurezza. Per ulteriori informazioni, puoi consultare il Supporto Apple o la Guida del browser.<\/p>\n\n\n\n<p><strong>6. COLLEGAMENTI AD ALTRI SITI WEB<\/strong><\/p>\n\n\n\n<p>Il ns Sito pu\u00f2 contenere collegamenti ad altri siti che non sono di propriet\u00e0 o controllati direttamente da Risolvi. Si prega di notare che Risolvi il tuo Debito non \u00e8 responsabile per la privacy o le pratiche di sicurezza di tali siti. Ti consigliamo di essere vigile quando lasci il nostro sito Web e di leggere le informative sulla privacy di tutti i siti Web che raccolgono informazioni di identificazione personale.<\/p>\n\n\n\n<p><strong>7. ALTRE INFORMAZIONI<\/strong><\/p>\n\n\n\n<p>Quando collaboriamo con fornitori di terze parti per applicare i cookie per nostro conto e ottenere accesso ai dati personali raccolti tramite cookie o altre applicazioni essi sono soggetti a garanzie contrattuali appropriate in conformit\u00e0 con i requisiti del GDPR. Conserviamo i dati personali raccolti tramite i cookie necessari per i servizi personalizzati laddove l&#8217;utente abbia acconsentito all&#8217;uso dei cookie per tali scopi e solo per il tempo necessario ad aggregare i dati personali che utilizziamo per le prestazioni del sito Web e la misurazione dell&#8217;audience<\/p>\n\n\n\n<p><strong>8. MODIFICHE ALL&#8217;INFORMATIVA<\/strong><\/p>\n\n\n\n<p>La presente policy potr\u00e0 essere modificata in qualsiasi momento per adeguarsi a disposizioni di legge o per soddisfare gli interessi di Risolvi; quest&#8217;ultimo annuncer\u00e0 ogni aggiornamento attraverso questo Sito web. \u00c8 responsabilit\u00e0 dell&#8217;utente rivedere costantemente questa politica al fine di conoscere le eventuali modifiche apportate.<\/p>\n\n\n\n<p><strong>9. CONSERVAZIONE DEI DATI<\/strong><\/p>\n\n\n\n<p>Alcuni dei cookie utilizzati sul sito web salvano i tuoi dati finch\u00e9 mantieni aperta la sessione. I dati estratti dai cookie di terze parti saranno conservati per 24 mesi, mentre tutti gli altri per 12 mesi.<\/p>\n\n\n\n<p><strong>10. A CHI PUOI RIVOLGERTI PER RICHIESTE E INFORMAZIONI IN MERITO ALLA PRESENTE \u201cCookie Policy\u201d<\/strong><\/p>\n\n\n\n<p>L\u2019Utente in ogni momento pu\u00f2 contattare Reparadora RTD Italia S.r.l., ai seguenti indirizzi:<\/p>\n\n\n\n<p>Email: reparadorartd@legalmail.it<\/p>\n\n\n\n<p>Via Lucrezio Caro 63, Roma (RM) 00193<\/p>\n","protected":false},"excerpt":{"rendered":"<p>Cookie Policy Questo sito web utilizza i cookie. Utilizziamo i cookie per personalizzare contenuti ed annunci, per fornire funzionalit\u00e0 dei social media e per analizzare il nostro traffico. Condividiamo inoltre informazioni sul [&#8230;]<\/p>\n<p><a class=\"read-more\" href=\"https:\/\/resuelvetudeuda.com\/it-it\/politica-dei-cookies\/\">Scopri di pi\u00f9<\/a><\/p>\n","protected":false},"author":73,"featured_media":0,"parent":0,"menu_order":0,"comment_status":"closed","ping_status":"closed","template":"page-templates\/template-legales.php","meta":{"footnotes":""},"class_list":["post-11448","page","type-page","status-publish","hentry"],"yoast_head":"\n<title>Cookie Policy | Risolvi il tuo debito<\/title>\n<meta name=\"description\" content=\"La tua guida affidabile sulle politiche dei cookie. Scopri tutto ci\u00f2 che devi sapere per conformarti alle normative vigenti.\" \/>\n<meta name=\"robots\" content=\"index, follow, max-snippet:-1, max-image-preview:large, max-video-preview:-1\" \/>\n<link rel=\"canonical\" href=\"https:\/\/risolviiltuodebito.it\/politica-dei-cookies\/\" \/>\n<meta property=\"og:locale\" content=\"it_IT\" \/>\n<meta property=\"og:type\" content=\"article\" \/>\n<meta property=\"og:title\" content=\"Cookie Policy | Risolvi il tuo debito\" \/>\n<meta property=\"og:description\" content=\"La tua guida affidabile sulle politiche dei cookie. Scopri tutto ci\u00f2 che devi sapere per conformarti alle normative vigenti.\" \/>\n<meta property=\"og:url\" content=\"https:\/\/risolviiltuodebito.it\/politica-dei-cookies\/\" \/>\n<meta property=\"og:site_name\" content=\"Risolvi il tuo debito\" \/>\n<meta property=\"article:publisher\" content=\"https:\/\/www.facebook.com\/ResuelveTuDeuda\" \/>\n<meta property=\"article:modified_time\" content=\"2023-07-13T08:07:49+00:00\" \/>\n<meta property=\"og:image\" content=\"https:\/\/resuelvetudeuda.com\/it-it\/wp-content\/uploads\/sites\/3\/2021\/06\/image-2.jpg\" \/>\n\t<meta property=\"og:image:width\" content=\"616\" \/>\n\t<meta property=\"og:image:height\" content=\"708\" \/>\n\t<meta property=\"og:image:type\" content=\"image\/jpeg\" \/>\n<meta name=\"twitter:card\" content=\"summary_large_image\" \/>\n<meta name=\"twitter:site\" content=\"@resuelvetudeuda\" \/>\n<meta name=\"twitter:label1\" content=\"Tempo di lettura stimato\" \/>\n\t<meta name=\"twitter:data1\" content=\"6 minuti\" \/>\n<script type=\"application\/ld+json\" class=\"yoast-schema-graph\">{\"@context\":\"https:\/\/schema.org\",\"@graph\":[{\"@type\":\"WebPage\",\"@id\":\"https:\/\/resuelvetudeuda.com\/it-it\/politica-dei-cookies\/\",\"url\":\"https:\/\/risolviiltuodebito.it\/politica-dei-cookies\/\",\"name\":\"Cookie Policy | Risolvi il tuo debito\",\"isPartOf\":{\"@id\":\"https:\/\/resuelvetudeuda.com\/it-it\/#website\"},\"datePublished\":\"2023-01-25T18:01:28+00:00\",\"dateModified\":\"2023-07-13T08:07:49+00:00\",\"description\":\"La tua guida affidabile sulle politiche dei cookie. Scopri tutto ci\u00f2 che devi sapere per conformarti alle normative vigenti.\",\"breadcrumb\":{\"@id\":\"https:\/\/risolviiltuodebito.it\/politica-dei-cookies\/#breadcrumb\"},\"inLanguage\":\"it-IT\",\"potentialAction\":[{\"@type\":\"ReadAction\",\"target\":[\"https:\/\/risolviiltuodebito.it\/politica-dei-cookies\/\"]}]},{\"@type\":\"BreadcrumbList\",\"@id\":\"https:\/\/risolviiltuodebito.it\/politica-dei-cookies\/#breadcrumb\",\"itemListElement\":[{\"@type\":\"ListItem\",\"position\":1,\"name\":\"Inicio\",\"item\":\"https:\/\/resuelvetudeuda.com\/it-it\/\"},{\"@type\":\"ListItem\",\"position\":2,\"name\":\"Politica dei Cookies\"}]},{\"@type\":\"WebSite\",\"@id\":\"https:\/\/resuelvetudeuda.com\/it-it\/#website\",\"url\":\"https:\/\/resuelvetudeuda.com\/it-it\/\",\"name\":\"Risolvi il tuo debito\",\"description\":\"Siamo la societ\u00e0 di riparazione del credito con maggiore esperienza in Europa.\",\"publisher\":{\"@id\":\"https:\/\/resuelvetudeuda.com\/it-it\/#organization\"},\"potentialAction\":[{\"@type\":\"SearchAction\",\"target\":{\"@type\":\"EntryPoint\",\"urlTemplate\":\"https:\/\/resuelvetudeuda.com\/it-it\/?s={search_term_string}\"},\"query-input\":\"required name=search_term_string\"}],\"inLanguage\":\"it-IT\"},{\"@type\":\"Organization\",\"@id\":\"https:\/\/resuelvetudeuda.com\/it-it\/#organization\",\"name\":\"Resuelve tu Deuda\",\"url\":\"https:\/\/resuelvetudeuda.com\/it-it\/\",\"logo\":{\"@type\":\"ImageObject\",\"inLanguage\":\"it-IT\",\"@id\":\"https:\/\/resuelvetudeuda.com\/it-it\/#\/schema\/logo\/image\/\",\"url\":\"https:\/\/resuelvetudeuda.com\/it-it\/wp-content\/uploads\/sites\/3\/2021\/04\/logoRTD.png\",\"contentUrl\":\"https:\/\/resuelvetudeuda.com\/it-it\/wp-content\/uploads\/sites\/3\/2021\/04\/logoRTD.png\",\"width\":192,\"height\":192,\"caption\":\"Resuelve tu Deuda\"},\"image\":{\"@id\":\"https:\/\/resuelvetudeuda.com\/it-it\/#\/schema\/logo\/image\/\"},\"sameAs\":[\"https:\/\/www.facebook.com\/ResuelveTuDeuda\",\"https:\/\/twitter.com\/resuelvetudeuda\",\"https:\/\/www.instagram.com\/resuelvetudeuda\",\"https:\/\/www.linkedin.com\/company\/resuelve-global\/\"]}]}<\/script>\n","yoast_head_json":{"title":"Cookie Policy | Risolvi il tuo debito","description":"La tua guida affidabile sulle politiche dei cookie. Scopri tutto ci\u00f2 che devi sapere per conformarti alle normative vigenti.","robots":{"index":"index","follow":"follow","max-snippet":"max-snippet:-1","max-image-preview":"max-image-preview:large","max-video-preview":"max-video-preview:-1"},"canonical":"https:\/\/risolviiltuodebito.it\/politica-dei-cookies\/","og_locale":"it_IT","og_type":"article","og_title":"Cookie Policy | Risolvi il tuo debito","og_description":"La tua guida affidabile sulle politiche dei cookie. Scopri tutto ci\u00f2 che devi sapere per conformarti alle normative vigenti.","og_url":"https:\/\/risolviiltuodebito.it\/politica-dei-cookies\/","og_site_name":"Risolvi il tuo debito","article_publisher":"https:\/\/www.facebook.com\/ResuelveTuDeuda","article_modified_time":"2023-07-13T08:07:49+00:00","og_image":[{"width":616,"height":708,"url":"https:\/\/resuelvetudeuda.com\/it-it\/wp-content\/uploads\/sites\/3\/2021\/06\/image-2.jpg","type":"image\/jpeg"}],"twitter_card":"summary_large_image","twitter_site":"@resuelvetudeuda","twitter_misc":{"Tempo di lettura stimato":"6 minuti"},"schema":{"@context":"https:\/\/schema.org","@graph":[{"@type":"WebPage","@id":"https:\/\/resuelvetudeuda.com\/it-it\/politica-dei-cookies\/","url":"https:\/\/risolviiltuodebito.it\/politica-dei-cookies\/","name":"Cookie Policy | Risolvi il tuo debito","isPartOf":{"@id":"https:\/\/resuelvetudeuda.com\/it-it\/#website"},"datePublished":"2023-01-25T18:01:28+00:00","dateModified":"2023-07-13T08:07:49+00:00","description":"La tua guida affidabile sulle politiche dei cookie. Scopri tutto ci\u00f2 che devi sapere per conformarti alle normative vigenti.","breadcrumb":{"@id":"https:\/\/risolviiltuodebito.it\/politica-dei-cookies\/#breadcrumb"},"inLanguage":"it-IT","potentialAction":[{"@type":"ReadAction","target":["https:\/\/risolviiltuodebito.it\/politica-dei-cookies\/"]}]},{"@type":"BreadcrumbList","@id":"https:\/\/risolviiltuodebito.it\/politica-dei-cookies\/#breadcrumb","itemListElement":[{"@type":"ListItem","position":1,"name":"Inicio","item":"https:\/\/resuelvetudeuda.com\/it-it\/"},{"@type":"ListItem","position":2,"name":"Politica dei Cookies"}]},{"@type":"WebSite","@id":"https:\/\/resuelvetudeuda.com\/it-it\/#website","url":"https:\/\/resuelvetudeuda.com\/it-it\/","name":"Risolvi il tuo debito","description":"Siamo la societ\u00e0 di riparazione del credito con maggiore esperienza in Europa.","publisher":{"@id":"https:\/\/resuelvetudeuda.com\/it-it\/#organization"},"potentialAction":[{"@type":"SearchAction","target":{"@type":"EntryPoint","urlTemplate":"https:\/\/resuelvetudeuda.com\/it-it\/?s={search_term_string}"},"query-input":"required name=search_term_string"}],"inLanguage":"it-IT"},{"@type":"Organization","@id":"https:\/\/resuelvetudeuda.com\/it-it\/#organization","name":"Resuelve tu Deuda","url":"https:\/\/resuelvetudeuda.com\/it-it\/","logo":{"@type":"ImageObject","inLanguage":"it-IT","@id":"https:\/\/resuelvetudeuda.com\/it-it\/#\/schema\/logo\/image\/","url":"https:\/\/resuelvetudeuda.com\/it-it\/wp-content\/uploads\/sites\/3\/2021\/04\/logoRTD.png","contentUrl":"https:\/\/resuelvetudeuda.com\/it-it\/wp-content\/uploads\/sites\/3\/2021\/04\/logoRTD.png","width":192,"height":192,"caption":"Resuelve tu Deuda"},"image":{"@id":"https:\/\/resuelvetudeuda.com\/it-it\/#\/schema\/logo\/image\/"},"sameAs":["https:\/\/www.facebook.com\/ResuelveTuDeuda","https:\/\/twitter.com\/resuelvetudeuda","https:\/\/www.instagram.com\/resuelvetudeuda","https:\/\/www.linkedin.com\/company\/resuelve-global\/"]}]}},"_links":{"self":[{"href":"https:\/\/resuelvetudeuda.com\/it-it\/wp-json\/wp\/v2\/pages\/11448","targetHints":{"allow":["GET"]}}],"collection":[{"href":"https:\/\/resuelvetudeuda.com\/it-it\/wp-json\/wp\/v2\/pages"}],"about":[{"href":"https:\/\/resuelvetudeuda.com\/it-it\/wp-json\/wp\/v2\/types\/page"}],"author":[{"embeddable":true,"href":"https:\/\/resuelvetudeuda.com\/it-it\/wp-json\/wp\/v2\/users\/73"}],"replies":[{"embeddable":true,"href":"https:\/\/resuelvetudeuda.com\/it-it\/wp-json\/wp\/v2\/comments?post=11448"}],"version-history":[{"count":0,"href":"https:\/\/resuelvetudeuda.com\/it-it\/wp-json\/wp\/v2\/pages\/11448\/revisions"}],"wp:attachment":[{"href":"https:\/\/resuelvetudeuda.com\/it-it\/wp-json\/wp\/v2\/media?parent=11448"}],"curies":[{"name":"wp","href":"https:\/\/api.w.org\/{rel}","templated":true}]}}