{"id":11034,"date":"2021-07-12T20:59:59","date_gmt":"2021-07-13T01:59:59","guid":{"rendered":"https:\/\/dev.resuelvetudeuda.com\/es-co\/?page_id=11034"},"modified":"2024-03-21T12:09:45","modified_gmt":"2024-03-21T18:09:45","slug":"pagar-deudas","status":"publish","type":"page","link":"https:\/\/resuelvetudeuda.com\/es-co\/","title":{"rendered":"Pagar deudas"},"content":{"rendered":"","protected":false},"excerpt":{"rendered":"<p> [&#8230;]<\/p>\n<p><a class=\"read-more\" href=\"https:\/\/resuelvetudeuda.com\/es-co\/\">Leer m\u00e1s<\/a><\/p>\n","protected":false},"author":20,"featured_media":0,"parent":0,"menu_order":0,"comment_status":"closed","ping_status":"closed","template":"","meta":{"footnotes":""},"class_list":["post-11034","page","type-page","status-publish","hentry"],"yoast_head":"<!-- This site is optimized with the Yoast SEO plugin v20.13 - https:\/\/yoast.com\/wordpress\/plugins\/seo\/ -->\n<title>Pagar deudas | Resuelve Tu Deuda Colombia<\/title>\n<meta name=\"description\" content=\"En Resuelve tu Deuda te ayudamos a pagar tus deudas con hasta 50% de descuento, recibe asesor\u00eda personalizada gratis.\" \/>\n<meta name=\"robots\" content=\"index, follow, max-snippet:-1, max-image-preview:large, max-video-preview:-1\" \/>\n<link rel=\"canonical\" href=\"https:\/\/resuelvetudeuda.com\/es-co\/\" \/>\n<meta property=\"og:locale\" content=\"es_ES\" \/>\n<meta property=\"og:type\" content=\"article\" \/>\n<meta property=\"og:title\" content=\"Pagar deudas | Resuelve Tu Deuda Colombia\" \/>\n<meta property=\"og:description\" content=\"En Resuelve tu Deuda te ayudamos a pagar tus deudas con hasta 50% de descuento, recibe asesor\u00eda personalizada gratis.\" \/>\n<meta property=\"og:url\" content=\"https:\/\/resuelvetudeuda.com\/es-co\/\" \/>\n<meta property=\"og:site_name\" content=\"Resuelve Tu Deuda Colombia\" \/>\n<meta property=\"article:publisher\" content=\"https:\/\/www.facebook.com\/ResuelveTuDeuda\" \/>\n<meta property=\"article:modified_time\" content=\"2024-03-21T18:09:45+00:00\" \/>\n<meta property=\"og:image\" content=\"https:\/\/resuelvetudeuda.com\/es-co\/wp-content\/uploads\/sites\/6\/2021\/04\/rtd2021_cover.png\" \/>\n\t<meta property=\"og:image:width\" content=\"1200\" \/>\n\t<meta property=\"og:image:height\" content=\"630\" \/>\n\t<meta property=\"og:image:type\" content=\"image\/png\" \/>\n<meta name=\"twitter:card\" content=\"summary_large_image\" \/>\n<meta name=\"twitter:site\" content=\"@resuelvetudeuda\" \/>\n<script type=\"application\/ld+json\" class=\"yoast-schema-graph\">{\"@context\":\"https:\/\/schema.org\",\"@graph\":[{\"@type\":\"WebPage\",\"@id\":\"https:\/\/resuelvetudeuda.com\/es-co\/\",\"url\":\"https:\/\/resuelvetudeuda.com\/es-co\/\",\"name\":\"Pagar deudas | Resuelve Tu Deuda Colombia\",\"isPartOf\":{\"@id\":\"https:\/\/resuelvetudeuda.com\/es-co\/#website\"},\"datePublished\":\"2021-07-13T01:59:59+00:00\",\"dateModified\":\"2024-03-21T18:09:45+00:00\",\"description\":\"En Resuelve tu Deuda te ayudamos a pagar tus deudas con hasta 50% de descuento, recibe asesor\u00eda personalizada gratis.\",\"breadcrumb\":{\"@id\":\"https:\/\/resuelvetudeuda.com\/es-co\/#breadcrumb\"},\"inLanguage\":\"es-CO\",\"potentialAction\":[{\"@type\":\"ReadAction\",\"target\":[\"https:\/\/resuelvetudeuda.com\/es-co\/\"]}]},{\"@type\":\"BreadcrumbList\",\"@id\":\"https:\/\/resuelvetudeuda.com\/es-co\/#breadcrumb\",\"itemListElement\":[{\"@type\":\"ListItem\",\"position\":1,\"name\":\"Inicio\",\"item\":\"https:\/\/resuelvetudeuda.com\/es-co\/\"},{\"@type\":\"ListItem\",\"position\":2,\"name\":\"Pagar deudas\"}]},{\"@type\":\"WebSite\",\"@id\":\"https:\/\/resuelvetudeuda.com\/es-co\/#website\",\"url\":\"https:\/\/resuelvetudeuda.com\/es-co\/\",\"name\":\"Resuelve Tu Deuda Colombia\",\"description\":\"Somos la reparadora de cr\u00e9dito con m\u00e1s experiencia en Am\u00e9rica Latina.\",\"publisher\":{\"@id\":\"https:\/\/resuelvetudeuda.com\/es-co\/#organization\"},\"potentialAction\":[{\"@type\":\"SearchAction\",\"target\":{\"@type\":\"EntryPoint\",\"urlTemplate\":\"https:\/\/resuelvetudeuda.com\/es-co\/?s={search_term_string}\"},\"query-input\":\"required name=search_term_string\"}],\"inLanguage\":\"es-CO\"},{\"@type\":\"Organization\",\"@id\":\"https:\/\/resuelvetudeuda.com\/es-co\/#organization\",\"name\":\"Resuelve tu Deuda\",\"url\":\"https:\/\/resuelvetudeuda.com\/es-co\/\",\"logo\":{\"@type\":\"ImageObject\",\"inLanguage\":\"es-CO\",\"@id\":\"https:\/\/resuelvetudeuda.com\/es-co\/#\/schema\/logo\/image\/\",\"url\":\"https:\/\/resuelvetudeuda.com\/es-co\/wp-content\/uploads\/sites\/6\/2021\/04\/logoRTD.png\",\"contentUrl\":\"https:\/\/resuelvetudeuda.com\/es-co\/wp-content\/uploads\/sites\/6\/2021\/04\/logoRTD.png\",\"width\":192,\"height\":192,\"caption\":\"Resuelve tu Deuda\"},\"image\":{\"@id\":\"https:\/\/resuelvetudeuda.com\/es-co\/#\/schema\/logo\/image\/\"},\"sameAs\":[\"https:\/\/www.facebook.com\/ResuelveTuDeuda\",\"https:\/\/twitter.com\/resuelvetudeuda\",\"https:\/\/www.instagram.com\/resuelvetudeuda\",\"https:\/\/www.linkedin.com\/company\/resuelve-global\/\"]}]}<\/script>\n<!-- \/ Yoast SEO plugin. -->","yoast_head_json":{"title":"Pagar deudas | Resuelve Tu Deuda Colombia","description":"En Resuelve tu Deuda te ayudamos a pagar tus deudas con hasta 50% de descuento, recibe asesor\u00eda personalizada gratis.","robots":{"index":"index","follow":"follow","max-snippet":"max-snippet:-1","max-image-preview":"max-image-preview:large","max-video-preview":"max-video-preview:-1"},"canonical":"https:\/\/resuelvetudeuda.com\/es-co\/","og_locale":"es_ES","og_type":"article","og_title":"Pagar deudas | Resuelve Tu Deuda Colombia","og_description":"En Resuelve tu Deuda te ayudamos a pagar tus deudas con hasta 50% de descuento, recibe asesor\u00eda personalizada gratis.","og_url":"https:\/\/resuelvetudeuda.com\/es-co\/","og_site_name":"Resuelve Tu Deuda Colombia","article_publisher":"https:\/\/www.facebook.com\/ResuelveTuDeuda","article_modified_time":"2024-03-21T18:09:45+00:00","og_image":[{"width":1200,"height":630,"url":"https:\/\/resuelvetudeuda.com\/es-co\/wp-content\/uploads\/sites\/6\/2021\/04\/rtd2021_cover.png","type":"image\/png"}],"twitter_card":"summary_large_image","twitter_site":"@resuelvetudeuda","schema":{"@context":"https:\/\/schema.org","@graph":[{"@type":"WebPage","@id":"https:\/\/resuelvetudeuda.com\/es-co\/","url":"https:\/\/resuelvetudeuda.com\/es-co\/","name":"Pagar deudas | Resuelve Tu Deuda Colombia","isPartOf":{"@id":"https:\/\/resuelvetudeuda.com\/es-co\/#website"},"datePublished":"2021-07-13T01:59:59+00:00","dateModified":"2024-03-21T18:09:45+00:00","description":"En Resuelve tu Deuda te ayudamos a pagar tus deudas con hasta 50% de descuento, recibe asesor\u00eda personalizada gratis.","breadcrumb":{"@id":"https:\/\/resuelvetudeuda.com\/es-co\/#breadcrumb"},"inLanguage":"es-CO","potentialAction":[{"@type":"ReadAction","target":["https:\/\/resuelvetudeuda.com\/es-co\/"]}]},{"@type":"BreadcrumbList","@id":"https:\/\/resuelvetudeuda.com\/es-co\/#breadcrumb","itemListElement":[{"@type":"ListItem","position":1,"name":"Inicio","item":"https:\/\/resuelvetudeuda.com\/es-co\/"},{"@type":"ListItem","position":2,"name":"Pagar deudas"}]},{"@type":"WebSite","@id":"https:\/\/resuelvetudeuda.com\/es-co\/#website","url":"https:\/\/resuelvetudeuda.com\/es-co\/","name":"Resuelve Tu Deuda Colombia","description":"Somos la reparadora de cr\u00e9dito con m\u00e1s experiencia en Am\u00e9rica Latina.","publisher":{"@id":"https:\/\/resuelvetudeuda.com\/es-co\/#organization"},"potentialAction":[{"@type":"SearchAction","target":{"@type":"EntryPoint","urlTemplate":"https:\/\/resuelvetudeuda.com\/es-co\/?s={search_term_string}"},"query-input":"required name=search_term_string"}],"inLanguage":"es-CO"},{"@type":"Organization","@id":"https:\/\/resuelvetudeuda.com\/es-co\/#organization","name":"Resuelve tu Deuda","url":"https:\/\/resuelvetudeuda.com\/es-co\/","logo":{"@type":"ImageObject","inLanguage":"es-CO","@id":"https:\/\/resuelvetudeuda.com\/es-co\/#\/schema\/logo\/image\/","url":"https:\/\/resuelvetudeuda.com\/es-co\/wp-content\/uploads\/sites\/6\/2021\/04\/logoRTD.png","contentUrl":"https:\/\/resuelvetudeuda.com\/es-co\/wp-content\/uploads\/sites\/6\/2021\/04\/logoRTD.png","width":192,"height":192,"caption":"Resuelve tu Deuda"},"image":{"@id":"https:\/\/resuelvetudeuda.com\/es-co\/#\/schema\/logo\/image\/"},"sameAs":["https:\/\/www.facebook.com\/ResuelveTuDeuda","https:\/\/twitter.com\/resuelvetudeuda","https:\/\/www.instagram.com\/resuelvetudeuda","https:\/\/www.linkedin.com\/company\/resuelve-global\/"]}]}},"_links":{"self":[{"href":"https:\/\/resuelvetudeuda.com\/es-co\/wp-json\/wp\/v2\/pages\/11034","targetHints":{"allow":["GET"]}}],"collection":[{"href":"https:\/\/resuelvetudeuda.com\/es-co\/wp-json\/wp\/v2\/pages"}],"about":[{"href":"https:\/\/resuelvetudeuda.com\/es-co\/wp-json\/wp\/v2\/types\/page"}],"author":[{"embeddable":true,"href":"https:\/\/resuelvetudeuda.com\/es-co\/wp-json\/wp\/v2\/users\/20"}],"replies":[{"embeddable":true,"href":"https:\/\/resuelvetudeuda.com\/es-co\/wp-json\/wp\/v2\/comments?post=11034"}],"version-history":[{"count":0,"href":"https:\/\/resuelvetudeuda.com\/es-co\/wp-json\/wp\/v2\/pages\/11034\/revisions"}],"wp:attachment":[{"href":"https:\/\/resuelvetudeuda.com\/es-co\/wp-json\/wp\/v2\/media?parent=11034"}],"curies":[{"name":"wp","href":"https:\/\/api.w.org\/{rel}","templated":true}]}}